{"id":1636,"date":"2026-02-25T22:23:31","date_gmt":"2026-02-25T21:23:31","guid":{"rendered":"https:\/\/knjizuljica.hr\/wp\/product\/vozila-2\/"},"modified":"2026-02-25T22:23:31","modified_gmt":"2026-02-25T21:23:31","slug":"vozila-2","status":"publish","type":"product","link":"https:\/\/knjizuljica.hr\/wp\/edukativni-proizvod\/vozila-2\/","title":{"rendered":"Vozila 2+"},"content":{"rendered":"<div>\n<meta charset=\"UTF-8\"><br \/>\n<span>Otkrijte interaktivnu mapu na temu vozila gdje djeca u\u010de prepoznavati oblike, veli\u010dine i boje, brojati, uparivati, povezivati vozila s zanimanjima i na\u010dine transporta. Idealno za razvoj vje\u0161tina prepoznavanja i imenovanja vozila kroz igru.<\/span>\n<\/div>\n<p><!----><\/p>\n","protected":false},"excerpt":{"rendered":"<p>Otkrijte interaktivnu mapu na temu vozila gdje djeca u\u010de prepoznavati oblike, veli\u010dine i boje, brojati, uparivati, povezivati vozila s zanimanjima i na\u010dine transporta. Idealno za razvoj vje\u0161tina prepoznavanja i imenovanja vozila kroz igru.<\/p>\n","protected":false},"featured_media":0,"template":"","meta":{"_kad_post_transparent":"","_kad_post_title":"","_kad_post_layout":"","_kad_post_sidebar_id":"","_kad_post_content_style":"","_kad_post_vertical_padding":"","_kad_post_feature":"","_kad_post_feature_position":"","_kad_post_header":false,"_kad_post_footer":false,"_kad_post_classname":""},"product_brand":[],"product_cat":[37],"product_tag":[38,40,41,42,43,39,44,50,146,45,47,51,142,72],"class_list":{"0":"post-1636","1":"product","2":"type-product","3":"status-publish","5":"product_cat-educational-busy-book","6":"product_tag-edukativna","7":"product_tag-igra","8":"product_tag-interaktivna","9":"product_tag-jaslice","10":"product_tag-knjizuljica","11":"product_tag-mapa","12":"product_tag-poklon","13":"product_tag-predskola","14":"product_tag-promet","15":"product_tag-rodendan","16":"product_tag-ucenje","17":"product_tag-ucimokrozigru","18":"product_tag-vozila","19":"product_tag-vrtic-2","21":"first","22":"outofstock","23":"product-type-simple","24":"entry","25":"content-bg","26":"loop-entry"},"yoast_head":"<!-- This site is optimized with the Yoast SEO plugin v27.0 - https:\/\/yoast.com\/product\/yoast-seo-wordpress\/ -->\n<title>Vozila 2+ - Knji\u017euljica<\/title>\n<meta name=\"robots\" content=\"index, follow, max-snippet:-1, max-image-preview:large, max-video-preview:-1\" \/>\n<link rel=\"canonical\" href=\"https:\/\/knjizuljica.hr\/wp\/edukativni-proizvod\/vozila-2\/\" \/>\n<meta property=\"og:locale\" content=\"hr_HR\" \/>\n<meta property=\"og:type\" content=\"article\" \/>\n<meta property=\"og:title\" content=\"Vozila 2+ - Knji\u017euljica\" \/>\n<meta property=\"og:description\" content=\"Otkrijte interaktivnu mapu na temu vozila gdje djeca u\u010de prepoznavati oblike, veli\u010dine i boje, brojati, uparivati, povezivati vozila s zanimanjima i na\u010dine transporta. Idealno za razvoj vje\u0161tina prepoznavanja i imenovanja vozila kroz igru.\" \/>\n<meta property=\"og:url\" content=\"https:\/\/knjizuljica.hr\/wp\/edukativni-proizvod\/vozila-2\/\" \/>\n<meta property=\"og:site_name\" content=\"Knji\u017euljica\" \/>\n<meta name=\"twitter:card\" content=\"summary_large_image\" \/>\n<script type=\"application\/ld+json\" class=\"yoast-schema-graph\">{\"@context\":\"https:\/\/schema.org\",\"@graph\":[{\"@type\":\"WebPage\",\"@id\":\"https:\/\/knjizuljica.hr\/wp\/edukativni-proizvod\/vozila-2\/\",\"url\":\"https:\/\/knjizuljica.hr\/wp\/edukativni-proizvod\/vozila-2\/\",\"name\":\"Vozila 2+ - Knji\u017euljica\",\"isPartOf\":{\"@id\":\"https:\/\/knjizuljica.hr\/wp\/#website\"},\"datePublished\":\"2026-02-25T21:23:31+00:00\",\"breadcrumb\":{\"@id\":\"https:\/\/knjizuljica.hr\/wp\/edukativni-proizvod\/vozila-2\/#breadcrumb\"},\"inLanguage\":\"hr\",\"potentialAction\":[{\"@type\":\"ReadAction\",\"target\":[\"https:\/\/knjizuljica.hr\/wp\/edukativni-proizvod\/vozila-2\/\"]}]},{\"@type\":\"BreadcrumbList\",\"@id\":\"https:\/\/knjizuljica.hr\/wp\/edukativni-proizvod\/vozila-2\/#breadcrumb\",\"itemListElement\":[{\"@type\":\"ListItem\",\"position\":1,\"name\":\"Home\",\"item\":\"https:\/\/knjizuljica.hr\/wp\/\"},{\"@type\":\"ListItem\",\"position\":2,\"name\":\"Svi proizvodi &#8211; Knji\u017euljica\",\"item\":\"https:\/\/knjizuljica.hr\/wp\/shop\/\"},{\"@type\":\"ListItem\",\"position\":3,\"name\":\"Vozila 2+\"}]},{\"@type\":\"WebSite\",\"@id\":\"https:\/\/knjizuljica.hr\/wp\/#website\",\"url\":\"https:\/\/knjizuljica.hr\/wp\/\",\"name\":\"Knji\u017euljica\",\"description\":\"\",\"publisher\":{\"@id\":\"https:\/\/knjizuljica.hr\/wp\/#organization\"},\"potentialAction\":[{\"@type\":\"SearchAction\",\"target\":{\"@type\":\"EntryPoint\",\"urlTemplate\":\"https:\/\/knjizuljica.hr\/wp\/?s={search_term_string}\"},\"query-input\":{\"@type\":\"PropertyValueSpecification\",\"valueRequired\":true,\"valueName\":\"search_term_string\"}}],\"inLanguage\":\"hr\"},{\"@type\":\"Organization\",\"@id\":\"https:\/\/knjizuljica.hr\/wp\/#organization\",\"name\":\"Knji\u017euljica\",\"url\":\"https:\/\/knjizuljica.hr\/wp\/\",\"logo\":{\"@type\":\"ImageObject\",\"inLanguage\":\"hr\",\"@id\":\"https:\/\/knjizuljica.hr\/wp\/#\/schema\/logo\/image\/\",\"url\":\"https:\/\/knjizuljica.hr\/wp\/wp-content\/uploads\/2026\/02\/logotip-odrezani-export.png\",\"contentUrl\":\"https:\/\/knjizuljica.hr\/wp\/wp-content\/uploads\/2026\/02\/logotip-odrezani-export.png\",\"width\":400,\"height\":180,\"caption\":\"Knji\u017euljica\"},\"image\":{\"@id\":\"https:\/\/knjizuljica.hr\/wp\/#\/schema\/logo\/image\/\"}}]}<\/script>\n<!-- \/ Yoast SEO plugin. -->","yoast_head_json":{"title":"Vozila 2+ - Knji\u017euljica","robots":{"index":"index","follow":"follow","max-snippet":"max-snippet:-1","max-image-preview":"max-image-preview:large","max-video-preview":"max-video-preview:-1"},"canonical":"https:\/\/knjizuljica.hr\/wp\/edukativni-proizvod\/vozila-2\/","og_locale":"hr_HR","og_type":"article","og_title":"Vozila 2+ - Knji\u017euljica","og_description":"Otkrijte interaktivnu mapu na temu vozila gdje djeca u\u010de prepoznavati oblike, veli\u010dine i boje, brojati, uparivati, povezivati vozila s zanimanjima i na\u010dine transporta. Idealno za razvoj vje\u0161tina prepoznavanja i imenovanja vozila kroz igru.","og_url":"https:\/\/knjizuljica.hr\/wp\/edukativni-proizvod\/vozila-2\/","og_site_name":"Knji\u017euljica","twitter_card":"summary_large_image","schema":{"@context":"https:\/\/schema.org","@graph":[{"@type":"WebPage","@id":"https:\/\/knjizuljica.hr\/wp\/edukativni-proizvod\/vozila-2\/","url":"https:\/\/knjizuljica.hr\/wp\/edukativni-proizvod\/vozila-2\/","name":"Vozila 2+ - Knji\u017euljica","isPartOf":{"@id":"https:\/\/knjizuljica.hr\/wp\/#website"},"datePublished":"2026-02-25T21:23:31+00:00","breadcrumb":{"@id":"https:\/\/knjizuljica.hr\/wp\/edukativni-proizvod\/vozila-2\/#breadcrumb"},"inLanguage":"hr","potentialAction":[{"@type":"ReadAction","target":["https:\/\/knjizuljica.hr\/wp\/edukativni-proizvod\/vozila-2\/"]}]},{"@type":"BreadcrumbList","@id":"https:\/\/knjizuljica.hr\/wp\/edukativni-proizvod\/vozila-2\/#breadcrumb","itemListElement":[{"@type":"ListItem","position":1,"name":"Home","item":"https:\/\/knjizuljica.hr\/wp\/"},{"@type":"ListItem","position":2,"name":"Svi proizvodi &#8211; Knji\u017euljica","item":"https:\/\/knjizuljica.hr\/wp\/shop\/"},{"@type":"ListItem","position":3,"name":"Vozila 2+"}]},{"@type":"WebSite","@id":"https:\/\/knjizuljica.hr\/wp\/#website","url":"https:\/\/knjizuljica.hr\/wp\/","name":"Knji\u017euljica","description":"","publisher":{"@id":"https:\/\/knjizuljica.hr\/wp\/#organization"},"potentialAction":[{"@type":"SearchAction","target":{"@type":"EntryPoint","urlTemplate":"https:\/\/knjizuljica.hr\/wp\/?s={search_term_string}"},"query-input":{"@type":"PropertyValueSpecification","valueRequired":true,"valueName":"search_term_string"}}],"inLanguage":"hr"},{"@type":"Organization","@id":"https:\/\/knjizuljica.hr\/wp\/#organization","name":"Knji\u017euljica","url":"https:\/\/knjizuljica.hr\/wp\/","logo":{"@type":"ImageObject","inLanguage":"hr","@id":"https:\/\/knjizuljica.hr\/wp\/#\/schema\/logo\/image\/","url":"https:\/\/knjizuljica.hr\/wp\/wp-content\/uploads\/2026\/02\/logotip-odrezani-export.png","contentUrl":"https:\/\/knjizuljica.hr\/wp\/wp-content\/uploads\/2026\/02\/logotip-odrezani-export.png","width":400,"height":180,"caption":"Knji\u017euljica"},"image":{"@id":"https:\/\/knjizuljica.hr\/wp\/#\/schema\/logo\/image\/"}}]}},"_links":{"self":[{"href":"https:\/\/knjizuljica.hr\/wp\/wp-json\/wp\/v2\/product\/1636","targetHints":{"allow":["GET"]}}],"collection":[{"href":"https:\/\/knjizuljica.hr\/wp\/wp-json\/wp\/v2\/product"}],"about":[{"href":"https:\/\/knjizuljica.hr\/wp\/wp-json\/wp\/v2\/types\/product"}],"wp:attachment":[{"href":"https:\/\/knjizuljica.hr\/wp\/wp-json\/wp\/v2\/media?parent=1636"}],"wp:term":[{"taxonomy":"product_brand","embeddable":true,"href":"https:\/\/knjizuljica.hr\/wp\/wp-json\/wp\/v2\/product_brand?post=1636"},{"taxonomy":"product_cat","embeddable":true,"href":"https:\/\/knjizuljica.hr\/wp\/wp-json\/wp\/v2\/product_cat?post=1636"},{"taxonomy":"product_tag","embeddable":true,"href":"https:\/\/knjizuljica.hr\/wp\/wp-json\/wp\/v2\/product_tag?post=1636"}],"curies":[{"name":"wp","href":"https:\/\/api.w.org\/{rel}","templated":true}]}}