{"id":1629,"date":"2026-02-25T22:23:25","date_gmt":"2026-02-25T21:23:25","guid":{"rendered":"https:\/\/knjizuljica.hr\/wp\/product\/peppa-pig-2\/"},"modified":"2026-02-25T22:23:25","modified_gmt":"2026-02-25T21:23:25","slug":"peppa-pig-2","status":"publish","type":"product","link":"https:\/\/knjizuljica.hr\/wp\/edukativni-proizvod\/peppa-pig-2\/","title":{"rendered":"Peppa Pig 2+"},"content":{"rendered":"<p><meta charset=\"UTF-8\"><span>Knji\u017euljica Peppa Pig je interaktivna mapa koja djeci donosi zabavne i edukativne aktivnosti u dru\u0161tvu omiljene svinjice Peppe i njezine obitelji. Ova knji\u017euljica je savr\u0161en izbor za sve male ljubitelje Peppa Pig serijala, a namijenjena je djeci koja \u017eele u\u010diti kroz igru s omiljenim likovima.<\/span><\/p>\n<p>Svaka stranica je osmi\u0161ljena kako bi potaknula djecu na istra\u017eivanje, u\u010denje i razvoj va\u017enih vje\u0161tina poput\u00a0<span>razvoja motorike, prepoznavanja oblika i boja, brojanja, razumijevanja prostornog odnosa i sli\u010dno. <\/span>Uz raznovrsne aktivnosti, ova knji\u017euljica \u0107e djeci osigurati sate zabave i u\u010denja.<\/p>\n<p>Naru\u010dite Knji\u017euljicu Peppa Pig i omogu\u0107ite svom djetetu da u\u010di i raste uz zanimljive aktivnosti s Peppom i njezinim prijateljima!<\/p>\n<p><!----><\/p>\n","protected":false},"excerpt":{"rendered":"<p>Knji\u017euljica Peppa Pig je interaktivna mapa koja djeci donosi zabavne i edukativne aktivnosti u dru\u0161tvu omiljene svinjice Peppe i njezine obitelji. Ova knji\u017euljica je savr\u0161en izbor za sve male ljubitelje Peppa Pig serijala, a namijenjena je djeci koja \u017eele u\u010diti kroz igru s omiljenim likovima. Svaka stranica je osmi\u0161ljena kako bi potaknula djecu na istra\u017eivanje,&#8230;<\/p>\n","protected":false},"featured_media":0,"template":"","meta":{"_kad_post_transparent":"","_kad_post_title":"","_kad_post_layout":"","_kad_post_sidebar_id":"","_kad_post_content_style":"","_kad_post_vertical_padding":"","_kad_post_feature":"","_kad_post_feature_position":"","_kad_post_header":false,"_kad_post_footer":false,"_kad_post_classname":""},"product_brand":[],"product_cat":[37],"product_tag":[40,41,39,135,136,45,47,72],"class_list":{"0":"post-1629","1":"product","2":"type-product","3":"status-publish","5":"product_cat-educational-busy-book","6":"product_tag-igra","7":"product_tag-interaktivna","8":"product_tag-mapa","9":"product_tag-peppa","10":"product_tag-pollen","11":"product_tag-rodendan","12":"product_tag-ucenje","13":"product_tag-vrtic-2","15":"first","16":"outofstock","17":"product-type-simple","18":"entry","19":"content-bg","20":"loop-entry"},"yoast_head":"<!-- This site is optimized with the Yoast SEO plugin v27.0 - https:\/\/yoast.com\/product\/yoast-seo-wordpress\/ -->\n<title>Peppa Pig 2+ - Knji\u017euljica<\/title>\n<meta name=\"robots\" content=\"index, follow, max-snippet:-1, max-image-preview:large, max-video-preview:-1\" \/>\n<link rel=\"canonical\" href=\"https:\/\/knjizuljica.hr\/wp\/edukativni-proizvod\/peppa-pig-2\/\" \/>\n<meta property=\"og:locale\" content=\"hr_HR\" \/>\n<meta property=\"og:type\" content=\"article\" \/>\n<meta property=\"og:title\" content=\"Peppa Pig 2+ - Knji\u017euljica\" \/>\n<meta property=\"og:description\" content=\"Knji\u017euljica Peppa Pig je interaktivna mapa koja djeci donosi zabavne i edukativne aktivnosti u dru\u0161tvu omiljene svinjice Peppe i njezine obitelji. Ova knji\u017euljica je savr\u0161en izbor za sve male ljubitelje Peppa Pig serijala, a namijenjena je djeci koja \u017eele u\u010diti kroz igru s omiljenim likovima. Svaka stranica je osmi\u0161ljena kako bi potaknula djecu na istra\u017eivanje,...\" \/>\n<meta property=\"og:url\" content=\"https:\/\/knjizuljica.hr\/wp\/edukativni-proizvod\/peppa-pig-2\/\" \/>\n<meta property=\"og:site_name\" content=\"Knji\u017euljica\" \/>\n<meta name=\"twitter:card\" content=\"summary_large_image\" \/>\n<meta name=\"twitter:label1\" content=\"Procijenjeno vrijeme \u010ditanja\" \/>\n\t<meta name=\"twitter:data1\" content=\"1 minuta\" \/>\n<script type=\"application\/ld+json\" class=\"yoast-schema-graph\">{\"@context\":\"https:\/\/schema.org\",\"@graph\":[{\"@type\":\"WebPage\",\"@id\":\"https:\/\/knjizuljica.hr\/wp\/edukativni-proizvod\/peppa-pig-2\/\",\"url\":\"https:\/\/knjizuljica.hr\/wp\/edukativni-proizvod\/peppa-pig-2\/\",\"name\":\"Peppa Pig 2+ - Knji\u017euljica\",\"isPartOf\":{\"@id\":\"https:\/\/knjizuljica.hr\/wp\/#website\"},\"datePublished\":\"2026-02-25T21:23:25+00:00\",\"breadcrumb\":{\"@id\":\"https:\/\/knjizuljica.hr\/wp\/edukativni-proizvod\/peppa-pig-2\/#breadcrumb\"},\"inLanguage\":\"hr\",\"potentialAction\":[{\"@type\":\"ReadAction\",\"target\":[\"https:\/\/knjizuljica.hr\/wp\/edukativni-proizvod\/peppa-pig-2\/\"]}]},{\"@type\":\"BreadcrumbList\",\"@id\":\"https:\/\/knjizuljica.hr\/wp\/edukativni-proizvod\/peppa-pig-2\/#breadcrumb\",\"itemListElement\":[{\"@type\":\"ListItem\",\"position\":1,\"name\":\"Home\",\"item\":\"https:\/\/knjizuljica.hr\/wp\/\"},{\"@type\":\"ListItem\",\"position\":2,\"name\":\"Svi proizvodi &#8211; Knji\u017euljica\",\"item\":\"https:\/\/knjizuljica.hr\/wp\/shop\/\"},{\"@type\":\"ListItem\",\"position\":3,\"name\":\"Peppa Pig 2+\"}]},{\"@type\":\"WebSite\",\"@id\":\"https:\/\/knjizuljica.hr\/wp\/#website\",\"url\":\"https:\/\/knjizuljica.hr\/wp\/\",\"name\":\"Knji\u017euljica\",\"description\":\"\",\"publisher\":{\"@id\":\"https:\/\/knjizuljica.hr\/wp\/#organization\"},\"potentialAction\":[{\"@type\":\"SearchAction\",\"target\":{\"@type\":\"EntryPoint\",\"urlTemplate\":\"https:\/\/knjizuljica.hr\/wp\/?s={search_term_string}\"},\"query-input\":{\"@type\":\"PropertyValueSpecification\",\"valueRequired\":true,\"valueName\":\"search_term_string\"}}],\"inLanguage\":\"hr\"},{\"@type\":\"Organization\",\"@id\":\"https:\/\/knjizuljica.hr\/wp\/#organization\",\"name\":\"Knji\u017euljica\",\"url\":\"https:\/\/knjizuljica.hr\/wp\/\",\"logo\":{\"@type\":\"ImageObject\",\"inLanguage\":\"hr\",\"@id\":\"https:\/\/knjizuljica.hr\/wp\/#\/schema\/logo\/image\/\",\"url\":\"https:\/\/knjizuljica.hr\/wp\/wp-content\/uploads\/2026\/02\/logotip-odrezani-export.png\",\"contentUrl\":\"https:\/\/knjizuljica.hr\/wp\/wp-content\/uploads\/2026\/02\/logotip-odrezani-export.png\",\"width\":400,\"height\":180,\"caption\":\"Knji\u017euljica\"},\"image\":{\"@id\":\"https:\/\/knjizuljica.hr\/wp\/#\/schema\/logo\/image\/\"}}]}<\/script>\n<!-- \/ Yoast SEO plugin. -->","yoast_head_json":{"title":"Peppa Pig 2+ - Knji\u017euljica","robots":{"index":"index","follow":"follow","max-snippet":"max-snippet:-1","max-image-preview":"max-image-preview:large","max-video-preview":"max-video-preview:-1"},"canonical":"https:\/\/knjizuljica.hr\/wp\/edukativni-proizvod\/peppa-pig-2\/","og_locale":"hr_HR","og_type":"article","og_title":"Peppa Pig 2+ - Knji\u017euljica","og_description":"Knji\u017euljica Peppa Pig je interaktivna mapa koja djeci donosi zabavne i edukativne aktivnosti u dru\u0161tvu omiljene svinjice Peppe i njezine obitelji. Ova knji\u017euljica je savr\u0161en izbor za sve male ljubitelje Peppa Pig serijala, a namijenjena je djeci koja \u017eele u\u010diti kroz igru s omiljenim likovima. Svaka stranica je osmi\u0161ljena kako bi potaknula djecu na istra\u017eivanje,...","og_url":"https:\/\/knjizuljica.hr\/wp\/edukativni-proizvod\/peppa-pig-2\/","og_site_name":"Knji\u017euljica","twitter_card":"summary_large_image","twitter_misc":{"Procijenjeno vrijeme \u010ditanja":"1 minuta"},"schema":{"@context":"https:\/\/schema.org","@graph":[{"@type":"WebPage","@id":"https:\/\/knjizuljica.hr\/wp\/edukativni-proizvod\/peppa-pig-2\/","url":"https:\/\/knjizuljica.hr\/wp\/edukativni-proizvod\/peppa-pig-2\/","name":"Peppa Pig 2+ - Knji\u017euljica","isPartOf":{"@id":"https:\/\/knjizuljica.hr\/wp\/#website"},"datePublished":"2026-02-25T21:23:25+00:00","breadcrumb":{"@id":"https:\/\/knjizuljica.hr\/wp\/edukativni-proizvod\/peppa-pig-2\/#breadcrumb"},"inLanguage":"hr","potentialAction":[{"@type":"ReadAction","target":["https:\/\/knjizuljica.hr\/wp\/edukativni-proizvod\/peppa-pig-2\/"]}]},{"@type":"BreadcrumbList","@id":"https:\/\/knjizuljica.hr\/wp\/edukativni-proizvod\/peppa-pig-2\/#breadcrumb","itemListElement":[{"@type":"ListItem","position":1,"name":"Home","item":"https:\/\/knjizuljica.hr\/wp\/"},{"@type":"ListItem","position":2,"name":"Svi proizvodi &#8211; Knji\u017euljica","item":"https:\/\/knjizuljica.hr\/wp\/shop\/"},{"@type":"ListItem","position":3,"name":"Peppa Pig 2+"}]},{"@type":"WebSite","@id":"https:\/\/knjizuljica.hr\/wp\/#website","url":"https:\/\/knjizuljica.hr\/wp\/","name":"Knji\u017euljica","description":"","publisher":{"@id":"https:\/\/knjizuljica.hr\/wp\/#organization"},"potentialAction":[{"@type":"SearchAction","target":{"@type":"EntryPoint","urlTemplate":"https:\/\/knjizuljica.hr\/wp\/?s={search_term_string}"},"query-input":{"@type":"PropertyValueSpecification","valueRequired":true,"valueName":"search_term_string"}}],"inLanguage":"hr"},{"@type":"Organization","@id":"https:\/\/knjizuljica.hr\/wp\/#organization","name":"Knji\u017euljica","url":"https:\/\/knjizuljica.hr\/wp\/","logo":{"@type":"ImageObject","inLanguage":"hr","@id":"https:\/\/knjizuljica.hr\/wp\/#\/schema\/logo\/image\/","url":"https:\/\/knjizuljica.hr\/wp\/wp-content\/uploads\/2026\/02\/logotip-odrezani-export.png","contentUrl":"https:\/\/knjizuljica.hr\/wp\/wp-content\/uploads\/2026\/02\/logotip-odrezani-export.png","width":400,"height":180,"caption":"Knji\u017euljica"},"image":{"@id":"https:\/\/knjizuljica.hr\/wp\/#\/schema\/logo\/image\/"}}]}},"_links":{"self":[{"href":"https:\/\/knjizuljica.hr\/wp\/wp-json\/wp\/v2\/product\/1629","targetHints":{"allow":["GET"]}}],"collection":[{"href":"https:\/\/knjizuljica.hr\/wp\/wp-json\/wp\/v2\/product"}],"about":[{"href":"https:\/\/knjizuljica.hr\/wp\/wp-json\/wp\/v2\/types\/product"}],"wp:attachment":[{"href":"https:\/\/knjizuljica.hr\/wp\/wp-json\/wp\/v2\/media?parent=1629"}],"wp:term":[{"taxonomy":"product_brand","embeddable":true,"href":"https:\/\/knjizuljica.hr\/wp\/wp-json\/wp\/v2\/product_brand?post=1629"},{"taxonomy":"product_cat","embeddable":true,"href":"https:\/\/knjizuljica.hr\/wp\/wp-json\/wp\/v2\/product_cat?post=1629"},{"taxonomy":"product_tag","embeddable":true,"href":"https:\/\/knjizuljica.hr\/wp\/wp-json\/wp\/v2\/product_tag?post=1629"}],"curies":[{"name":"wp","href":"https:\/\/api.w.org\/{rel}","templated":true}]}}