{"id":1577,"date":"2026-02-25T22:23:06","date_gmt":"2026-02-25T21:23:06","guid":{"rendered":"https:\/\/knjizuljica.hr\/wp\/product\/vrticka-djeca-2\/"},"modified":"2026-02-25T22:23:06","modified_gmt":"2026-02-25T21:23:06","slug":"vrticka-djeca-2","status":"publish","type":"product","link":"https:\/\/knjizuljica.hr\/wp\/edukativni-proizvod\/vrticka-djeca-2\/","title":{"rendered":"Vrti\u0107ka DJECA 2+"},"content":{"rendered":"<p>Vrti\u0107ka knji\u017euljica s temom djece osmi\u0161ljena je kako bi va\u0161em djetetu pomogla u prilagodbi na vrti\u0107 kroz zabavne i edukativne aktivnosti. Na 28 interaktivnih stranica, djeca istra\u017euju svijet vrti\u0107a i u\u010de o svakodnevnim situacijama koje ih o\u010dekuju.<\/p>\n<div class=\"flex max-w-full flex-col flex-grow\">\n<div class=\"min-h-[20px] text-message flex w-full flex-col items-end gap-2 break-words [.text-message+&amp;]:mt-5 overflow-x-auto whitespace-pre-wrap\" dir=\"auto\" data-message-id=\"c526fe83-b0be-424e-9992-5deeeed5b5dc\" data-message-author-role=\"assistant\">\n<div class=\"flex w-full flex-col gap-1 empty:hidden first:pt-[3px]\">\n<div class=\"markdown prose w-full break-words dark:prose-invert light\">\n<p>Aktivnosti uklju\u010duju:<\/p>\n<ul>\n<li>Upoznavanje godi\u0161njih doba i njihovih obilje\u017eja.<\/li>\n<li>Prepoznavanje boja i oblika kroz razne igre.<\/li>\n<li>Razlikovanje osjetila (\u0161to vidim, \u010dujem, osjetim, dodirujem).<\/li>\n<li>Uparivanje brojeva do 10.<\/li>\n<li>Pronala\u017eenje i imenovanje predmeta razli\u010ditih oblika.<\/li>\n<li>U\u010denje o suprotnostima i osje\u0107ajima.<\/li>\n<li>Kako se pona\u0161amo u vrti\u0107u \u2013 u\u010denje o dijeljenju, igranju i me\u0111usobnom pomaganju.<\/li>\n<li>Raspored dnevnih aktivnosti (jutro, dan, ve\u010der) u vrti\u0107u.<\/li>\n<li>Razlikovanje zdrave i nezdrave prehrane te razvrstavanje vo\u0107a i povr\u0107a.<\/li>\n<li>U\u010denje o razli\u010ditim vrstama vozila.<\/li>\n<li>Vje\u017ebanje stajanja u redu prema zadanom uzorku djece.<\/li>\n<li>Aktivnosti na igrali\u0161tu i \u0161to nas u\u010de na\u0161e odgojiteljice.<\/li>\n<\/ul>\n<p>Ova knji\u017euljica nije samo zabavna, ve\u0107 i edukativna, poma\u017eu\u0107i va\u0161em djetetu da se lak\u0161e prilagodi na vrti\u0107ke aktivnosti i svakodnevnu rutinu. Uz vrti\u0107ku knji\u017euljicu, va\u0161e dijete \u0107e kroz igru ste\u0107i potrebne vje\u0161tine i znanja za bezbri\u017ean i sretan boravak u vrti\u0107u!<\/p>\n<p>Personalizacija je uklju\u010dena u cijenu!<\/p>\n<\/div>\n<\/div>\n<\/div>\n<\/div>\n<p><!----><\/p>\n","protected":false},"excerpt":{"rendered":"<p>Vrti\u0107ka knji\u017euljica s temom djece osmi\u0161ljena je kako bi va\u0161em djetetu pomogla u prilagodbi na vrti\u0107 kroz zabavne i edukativne aktivnosti. Na 28 interaktivnih stranica, djeca istra\u017euju svijet vrti\u0107a i u\u010de o svakodnevnim situacijama koje ih o\u010dekuju. Aktivnosti uklju\u010duju: Upoznavanje godi\u0161njih doba i njihovih obilje\u017eja. Prepoznavanje boja i oblika kroz razne igre. Razlikovanje osjetila (\u0161to&#8230;<\/p>\n","protected":false},"featured_media":0,"template":"","meta":{"_kad_post_transparent":"","_kad_post_title":"","_kad_post_layout":"","_kad_post_sidebar_id":"","_kad_post_content_style":"","_kad_post_vertical_padding":"","_kad_post_feature":"","_kad_post_feature_position":"","_kad_post_header":false,"_kad_post_footer":false,"_kad_post_classname":""},"product_brand":[],"product_cat":[37],"product_tag":[38,40,41,42,43,39,44,50,45,47,51,48,49],"class_list":{"0":"post-1577","1":"product","2":"type-product","3":"status-publish","5":"product_cat-educational-busy-book","6":"product_tag-edukativna","7":"product_tag-igra","8":"product_tag-interaktivna","9":"product_tag-jaslice","10":"product_tag-knjizuljica","11":"product_tag-mapa","12":"product_tag-poklon","13":"product_tag-predskola","14":"product_tag-rodendan","15":"product_tag-ucenje","16":"product_tag-ucimokrozigru","17":"product_tag-vrtic","18":"product_tag-zivotinje","20":"first","21":"outofstock","22":"product-type-simple","23":"entry","24":"content-bg","25":"loop-entry"},"yoast_head":"<!-- This site is optimized with the Yoast SEO plugin v27.0 - https:\/\/yoast.com\/product\/yoast-seo-wordpress\/ -->\n<title>Vrti\u0107ka DJECA 2+ - Knji\u017euljica<\/title>\n<meta name=\"robots\" content=\"index, follow, max-snippet:-1, max-image-preview:large, max-video-preview:-1\" \/>\n<link rel=\"canonical\" href=\"https:\/\/knjizuljica.hr\/wp\/edukativni-proizvod\/vrticka-djeca-2\/\" \/>\n<meta property=\"og:locale\" content=\"hr_HR\" \/>\n<meta property=\"og:type\" content=\"article\" \/>\n<meta property=\"og:title\" content=\"Vrti\u0107ka DJECA 2+ - Knji\u017euljica\" \/>\n<meta property=\"og:description\" content=\"Vrti\u0107ka knji\u017euljica s temom djece osmi\u0161ljena je kako bi va\u0161em djetetu pomogla u prilagodbi na vrti\u0107 kroz zabavne i edukativne aktivnosti. Na 28 interaktivnih stranica, djeca istra\u017euju svijet vrti\u0107a i u\u010de o svakodnevnim situacijama koje ih o\u010dekuju. Aktivnosti uklju\u010duju: Upoznavanje godi\u0161njih doba i njihovih obilje\u017eja. Prepoznavanje boja i oblika kroz razne igre. Razlikovanje osjetila (\u0161to...\" \/>\n<meta property=\"og:url\" content=\"https:\/\/knjizuljica.hr\/wp\/edukativni-proizvod\/vrticka-djeca-2\/\" \/>\n<meta property=\"og:site_name\" content=\"Knji\u017euljica\" \/>\n<meta name=\"twitter:card\" content=\"summary_large_image\" \/>\n<meta name=\"twitter:label1\" content=\"Procijenjeno vrijeme \u010ditanja\" \/>\n\t<meta name=\"twitter:data1\" content=\"1 minuta\" \/>\n<script type=\"application\/ld+json\" class=\"yoast-schema-graph\">{\"@context\":\"https:\/\/schema.org\",\"@graph\":[{\"@type\":\"WebPage\",\"@id\":\"https:\/\/knjizuljica.hr\/wp\/edukativni-proizvod\/vrticka-djeca-2\/\",\"url\":\"https:\/\/knjizuljica.hr\/wp\/edukativni-proizvod\/vrticka-djeca-2\/\",\"name\":\"Vrti\u0107ka DJECA 2+ - Knji\u017euljica\",\"isPartOf\":{\"@id\":\"https:\/\/knjizuljica.hr\/wp\/#website\"},\"datePublished\":\"2026-02-25T21:23:06+00:00\",\"breadcrumb\":{\"@id\":\"https:\/\/knjizuljica.hr\/wp\/edukativni-proizvod\/vrticka-djeca-2\/#breadcrumb\"},\"inLanguage\":\"hr\",\"potentialAction\":[{\"@type\":\"ReadAction\",\"target\":[\"https:\/\/knjizuljica.hr\/wp\/edukativni-proizvod\/vrticka-djeca-2\/\"]}]},{\"@type\":\"BreadcrumbList\",\"@id\":\"https:\/\/knjizuljica.hr\/wp\/edukativni-proizvod\/vrticka-djeca-2\/#breadcrumb\",\"itemListElement\":[{\"@type\":\"ListItem\",\"position\":1,\"name\":\"Home\",\"item\":\"https:\/\/knjizuljica.hr\/wp\/\"},{\"@type\":\"ListItem\",\"position\":2,\"name\":\"Svi proizvodi &#8211; Knji\u017euljica\",\"item\":\"https:\/\/knjizuljica.hr\/wp\/shop\/\"},{\"@type\":\"ListItem\",\"position\":3,\"name\":\"Vrti\u0107ka DJECA 2+\"}]},{\"@type\":\"WebSite\",\"@id\":\"https:\/\/knjizuljica.hr\/wp\/#website\",\"url\":\"https:\/\/knjizuljica.hr\/wp\/\",\"name\":\"Knji\u017euljica\",\"description\":\"\",\"publisher\":{\"@id\":\"https:\/\/knjizuljica.hr\/wp\/#organization\"},\"potentialAction\":[{\"@type\":\"SearchAction\",\"target\":{\"@type\":\"EntryPoint\",\"urlTemplate\":\"https:\/\/knjizuljica.hr\/wp\/?s={search_term_string}\"},\"query-input\":{\"@type\":\"PropertyValueSpecification\",\"valueRequired\":true,\"valueName\":\"search_term_string\"}}],\"inLanguage\":\"hr\"},{\"@type\":\"Organization\",\"@id\":\"https:\/\/knjizuljica.hr\/wp\/#organization\",\"name\":\"Knji\u017euljica\",\"url\":\"https:\/\/knjizuljica.hr\/wp\/\",\"logo\":{\"@type\":\"ImageObject\",\"inLanguage\":\"hr\",\"@id\":\"https:\/\/knjizuljica.hr\/wp\/#\/schema\/logo\/image\/\",\"url\":\"https:\/\/knjizuljica.hr\/wp\/wp-content\/uploads\/2026\/02\/logotip-odrezani-export.png\",\"contentUrl\":\"https:\/\/knjizuljica.hr\/wp\/wp-content\/uploads\/2026\/02\/logotip-odrezani-export.png\",\"width\":400,\"height\":180,\"caption\":\"Knji\u017euljica\"},\"image\":{\"@id\":\"https:\/\/knjizuljica.hr\/wp\/#\/schema\/logo\/image\/\"}}]}<\/script>\n<!-- \/ Yoast SEO plugin. -->","yoast_head_json":{"title":"Vrti\u0107ka DJECA 2+ - Knji\u017euljica","robots":{"index":"index","follow":"follow","max-snippet":"max-snippet:-1","max-image-preview":"max-image-preview:large","max-video-preview":"max-video-preview:-1"},"canonical":"https:\/\/knjizuljica.hr\/wp\/edukativni-proizvod\/vrticka-djeca-2\/","og_locale":"hr_HR","og_type":"article","og_title":"Vrti\u0107ka DJECA 2+ - Knji\u017euljica","og_description":"Vrti\u0107ka knji\u017euljica s temom djece osmi\u0161ljena je kako bi va\u0161em djetetu pomogla u prilagodbi na vrti\u0107 kroz zabavne i edukativne aktivnosti. Na 28 interaktivnih stranica, djeca istra\u017euju svijet vrti\u0107a i u\u010de o svakodnevnim situacijama koje ih o\u010dekuju. Aktivnosti uklju\u010duju: Upoznavanje godi\u0161njih doba i njihovih obilje\u017eja. Prepoznavanje boja i oblika kroz razne igre. Razlikovanje osjetila (\u0161to...","og_url":"https:\/\/knjizuljica.hr\/wp\/edukativni-proizvod\/vrticka-djeca-2\/","og_site_name":"Knji\u017euljica","twitter_card":"summary_large_image","twitter_misc":{"Procijenjeno vrijeme \u010ditanja":"1 minuta"},"schema":{"@context":"https:\/\/schema.org","@graph":[{"@type":"WebPage","@id":"https:\/\/knjizuljica.hr\/wp\/edukativni-proizvod\/vrticka-djeca-2\/","url":"https:\/\/knjizuljica.hr\/wp\/edukativni-proizvod\/vrticka-djeca-2\/","name":"Vrti\u0107ka DJECA 2+ - Knji\u017euljica","isPartOf":{"@id":"https:\/\/knjizuljica.hr\/wp\/#website"},"datePublished":"2026-02-25T21:23:06+00:00","breadcrumb":{"@id":"https:\/\/knjizuljica.hr\/wp\/edukativni-proizvod\/vrticka-djeca-2\/#breadcrumb"},"inLanguage":"hr","potentialAction":[{"@type":"ReadAction","target":["https:\/\/knjizuljica.hr\/wp\/edukativni-proizvod\/vrticka-djeca-2\/"]}]},{"@type":"BreadcrumbList","@id":"https:\/\/knjizuljica.hr\/wp\/edukativni-proizvod\/vrticka-djeca-2\/#breadcrumb","itemListElement":[{"@type":"ListItem","position":1,"name":"Home","item":"https:\/\/knjizuljica.hr\/wp\/"},{"@type":"ListItem","position":2,"name":"Svi proizvodi &#8211; Knji\u017euljica","item":"https:\/\/knjizuljica.hr\/wp\/shop\/"},{"@type":"ListItem","position":3,"name":"Vrti\u0107ka DJECA 2+"}]},{"@type":"WebSite","@id":"https:\/\/knjizuljica.hr\/wp\/#website","url":"https:\/\/knjizuljica.hr\/wp\/","name":"Knji\u017euljica","description":"","publisher":{"@id":"https:\/\/knjizuljica.hr\/wp\/#organization"},"potentialAction":[{"@type":"SearchAction","target":{"@type":"EntryPoint","urlTemplate":"https:\/\/knjizuljica.hr\/wp\/?s={search_term_string}"},"query-input":{"@type":"PropertyValueSpecification","valueRequired":true,"valueName":"search_term_string"}}],"inLanguage":"hr"},{"@type":"Organization","@id":"https:\/\/knjizuljica.hr\/wp\/#organization","name":"Knji\u017euljica","url":"https:\/\/knjizuljica.hr\/wp\/","logo":{"@type":"ImageObject","inLanguage":"hr","@id":"https:\/\/knjizuljica.hr\/wp\/#\/schema\/logo\/image\/","url":"https:\/\/knjizuljica.hr\/wp\/wp-content\/uploads\/2026\/02\/logotip-odrezani-export.png","contentUrl":"https:\/\/knjizuljica.hr\/wp\/wp-content\/uploads\/2026\/02\/logotip-odrezani-export.png","width":400,"height":180,"caption":"Knji\u017euljica"},"image":{"@id":"https:\/\/knjizuljica.hr\/wp\/#\/schema\/logo\/image\/"}}]}},"_links":{"self":[{"href":"https:\/\/knjizuljica.hr\/wp\/wp-json\/wp\/v2\/product\/1577","targetHints":{"allow":["GET"]}}],"collection":[{"href":"https:\/\/knjizuljica.hr\/wp\/wp-json\/wp\/v2\/product"}],"about":[{"href":"https:\/\/knjizuljica.hr\/wp\/wp-json\/wp\/v2\/types\/product"}],"wp:attachment":[{"href":"https:\/\/knjizuljica.hr\/wp\/wp-json\/wp\/v2\/media?parent=1577"}],"wp:term":[{"taxonomy":"product_brand","embeddable":true,"href":"https:\/\/knjizuljica.hr\/wp\/wp-json\/wp\/v2\/product_brand?post=1577"},{"taxonomy":"product_cat","embeddable":true,"href":"https:\/\/knjizuljica.hr\/wp\/wp-json\/wp\/v2\/product_cat?post=1577"},{"taxonomy":"product_tag","embeddable":true,"href":"https:\/\/knjizuljica.hr\/wp\/wp-json\/wp\/v2\/product_tag?post=1577"}],"curies":[{"name":"wp","href":"https:\/\/api.w.org\/{rel}","templated":true}]}}