{"id":1576,"date":"2026-02-25T22:23:05","date_gmt":"2026-02-25T21:23:05","guid":{"rendered":"https:\/\/knjizuljica.hr\/wp\/product\/vrticka-sovice-2\/"},"modified":"2026-02-25T22:23:05","modified_gmt":"2026-02-25T21:23:05","slug":"vrticka-sovice-2","status":"publish","type":"product","link":"https:\/\/knjizuljica.hr\/wp\/edukativni-proizvod\/vrticka-sovice-2\/","title":{"rendered":"Vrti\u0107ka Sovice 2+"},"content":{"rendered":"<p>\u00a0<\/p>\n<p>Uronite u \u010daroban svijet mudrih sova s na\u0161om vrti\u0107kom knji\u017euljicom posebno osmi\u0161ljenom za skupinu Sovice! Ova knji\u017euljica nudi 18 interaktivnih stranica prepunih edukativnih aktivnosti koje poti\u010du radoznalost i u\u010denje kroz igru.<\/p>\n<p>Aktivnosti uklju\u010duju:<\/p>\n<ul>\n<li>Uparivanje sjena sovica, razvijaju\u0107i vizualnu percepciju i prepoznavanje oblika.\n<\/li>\n<li>Brojanje sovica i prepoznavanje brojeva do 10.<\/li>\n<li>Prepoznavanje i slaganje razli\u010ditih oblika.<\/li>\n<li>Rje\u0161avanje slagalica s motivima sova, poti\u010du\u0107i logi\u010dko razmi\u0161ljanje.<\/li>\n<li>Poredaj po veli\u010dini: velike, srednje i male sovice.<\/li>\n<li>Uparivanje boja i prepoznavanje nijansi.<\/li>\n<li>Vje\u017ebanje pra\u0107enja redoslijeda i logi\u010dnog slijeda kroz zadatke poput &#8220;\u0160to slijedi?&#8221;<\/li>\n<li>Kreativno slaganje uzoraka s likovima sovica.<\/li>\n<li>Razvrstavanje sovica prema boji, obliku i veli\u010dini.<\/li>\n<li>Zabavno brojanje ribe koju sovica lovi, razvijaju\u0107i matemati\u010dke vje\u0161tine.<\/li>\n<\/ul>\n<p>Ova knji\u017euljica nije samo zabavna, ve\u0107 i vrlo korisna za razvoj va\u0161eg djeteta. Kroz raznolike aktivnosti, dijete \u0107e u\u010diti i razvijati klju\u010dne vje\u0161tine potrebne za uspje\u0161an i sretan boravak u vrti\u0107u. Knji\u017euljica s temom sova prilago\u0111ena je upravo za skupinu Sovice, \u010dine\u0107i je savr\u0161enim dodatkom njihovom svakodnevnom u\u010denju i igri!<\/p>\n<p><!----><\/p>\n","protected":false},"excerpt":{"rendered":"<p>\u00a0 Uronite u \u010daroban svijet mudrih sova s na\u0161om vrti\u0107kom knji\u017euljicom posebno osmi\u0161ljenom za skupinu Sovice! Ova knji\u017euljica nudi 18 interaktivnih stranica prepunih edukativnih aktivnosti koje poti\u010du radoznalost i u\u010denje kroz igru. Aktivnosti uklju\u010duju: Uparivanje sjena sovica, razvijaju\u0107i vizualnu percepciju i prepoznavanje oblika. Brojanje sovica i prepoznavanje brojeva do 10. Prepoznavanje i slaganje razli\u010ditih oblika&#8230;.<\/p>\n","protected":false},"featured_media":0,"template":"","meta":{"_kad_post_transparent":"","_kad_post_title":"","_kad_post_layout":"","_kad_post_sidebar_id":"","_kad_post_content_style":"","_kad_post_vertical_padding":"","_kad_post_feature":"","_kad_post_feature_position":"","_kad_post_header":false,"_kad_post_footer":false,"_kad_post_classname":""},"product_brand":[],"product_cat":[37],"product_tag":[38,40,41,42,43,39,44,45,46,47,48,49],"class_list":{"0":"post-1576","1":"product","2":"type-product","3":"status-publish","5":"product_cat-educational-busy-book","6":"product_tag-edukativna","7":"product_tag-igra","8":"product_tag-interaktivna","9":"product_tag-jaslice","10":"product_tag-knjizuljica","11":"product_tag-mapa","12":"product_tag-poklon","13":"product_tag-rodendan","14":"product_tag-sove","15":"product_tag-ucenje","16":"product_tag-vrtic","17":"product_tag-zivotinje","19":"first","20":"outofstock","21":"product-type-simple","22":"entry","23":"content-bg","24":"loop-entry"},"yoast_head":"<!-- This site is optimized with the Yoast SEO plugin v27.0 - https:\/\/yoast.com\/product\/yoast-seo-wordpress\/ -->\n<title>Vrti\u0107ka Sovice 2+ - Knji\u017euljica<\/title>\n<meta name=\"robots\" content=\"index, follow, max-snippet:-1, max-image-preview:large, max-video-preview:-1\" \/>\n<link rel=\"canonical\" href=\"https:\/\/knjizuljica.hr\/wp\/edukativni-proizvod\/vrticka-sovice-2\/\" \/>\n<meta property=\"og:locale\" content=\"hr_HR\" \/>\n<meta property=\"og:type\" content=\"article\" \/>\n<meta property=\"og:title\" content=\"Vrti\u0107ka Sovice 2+ - Knji\u017euljica\" \/>\n<meta property=\"og:description\" content=\"\u00a0 Uronite u \u010daroban svijet mudrih sova s na\u0161om vrti\u0107kom knji\u017euljicom posebno osmi\u0161ljenom za skupinu Sovice! Ova knji\u017euljica nudi 18 interaktivnih stranica prepunih edukativnih aktivnosti koje poti\u010du radoznalost i u\u010denje kroz igru. Aktivnosti uklju\u010duju: Uparivanje sjena sovica, razvijaju\u0107i vizualnu percepciju i prepoznavanje oblika. Brojanje sovica i prepoznavanje brojeva do 10. Prepoznavanje i slaganje razli\u010ditih oblika....\" \/>\n<meta property=\"og:url\" content=\"https:\/\/knjizuljica.hr\/wp\/edukativni-proizvod\/vrticka-sovice-2\/\" \/>\n<meta property=\"og:site_name\" content=\"Knji\u017euljica\" \/>\n<meta name=\"twitter:card\" content=\"summary_large_image\" \/>\n<meta name=\"twitter:label1\" content=\"Procijenjeno vrijeme \u010ditanja\" \/>\n\t<meta name=\"twitter:data1\" content=\"1 minuta\" \/>\n<script type=\"application\/ld+json\" class=\"yoast-schema-graph\">{\"@context\":\"https:\/\/schema.org\",\"@graph\":[{\"@type\":\"WebPage\",\"@id\":\"https:\/\/knjizuljica.hr\/wp\/edukativni-proizvod\/vrticka-sovice-2\/\",\"url\":\"https:\/\/knjizuljica.hr\/wp\/edukativni-proizvod\/vrticka-sovice-2\/\",\"name\":\"Vrti\u0107ka Sovice 2+ - Knji\u017euljica\",\"isPartOf\":{\"@id\":\"https:\/\/knjizuljica.hr\/wp\/#website\"},\"datePublished\":\"2026-02-25T21:23:05+00:00\",\"breadcrumb\":{\"@id\":\"https:\/\/knjizuljica.hr\/wp\/edukativni-proizvod\/vrticka-sovice-2\/#breadcrumb\"},\"inLanguage\":\"hr\",\"potentialAction\":[{\"@type\":\"ReadAction\",\"target\":[\"https:\/\/knjizuljica.hr\/wp\/edukativni-proizvod\/vrticka-sovice-2\/\"]}]},{\"@type\":\"BreadcrumbList\",\"@id\":\"https:\/\/knjizuljica.hr\/wp\/edukativni-proizvod\/vrticka-sovice-2\/#breadcrumb\",\"itemListElement\":[{\"@type\":\"ListItem\",\"position\":1,\"name\":\"Home\",\"item\":\"https:\/\/knjizuljica.hr\/wp\/\"},{\"@type\":\"ListItem\",\"position\":2,\"name\":\"Svi proizvodi &#8211; Knji\u017euljica\",\"item\":\"https:\/\/knjizuljica.hr\/wp\/shop\/\"},{\"@type\":\"ListItem\",\"position\":3,\"name\":\"Vrti\u0107ka Sovice 2+\"}]},{\"@type\":\"WebSite\",\"@id\":\"https:\/\/knjizuljica.hr\/wp\/#website\",\"url\":\"https:\/\/knjizuljica.hr\/wp\/\",\"name\":\"Knji\u017euljica\",\"description\":\"\",\"publisher\":{\"@id\":\"https:\/\/knjizuljica.hr\/wp\/#organization\"},\"potentialAction\":[{\"@type\":\"SearchAction\",\"target\":{\"@type\":\"EntryPoint\",\"urlTemplate\":\"https:\/\/knjizuljica.hr\/wp\/?s={search_term_string}\"},\"query-input\":{\"@type\":\"PropertyValueSpecification\",\"valueRequired\":true,\"valueName\":\"search_term_string\"}}],\"inLanguage\":\"hr\"},{\"@type\":\"Organization\",\"@id\":\"https:\/\/knjizuljica.hr\/wp\/#organization\",\"name\":\"Knji\u017euljica\",\"url\":\"https:\/\/knjizuljica.hr\/wp\/\",\"logo\":{\"@type\":\"ImageObject\",\"inLanguage\":\"hr\",\"@id\":\"https:\/\/knjizuljica.hr\/wp\/#\/schema\/logo\/image\/\",\"url\":\"https:\/\/knjizuljica.hr\/wp\/wp-content\/uploads\/2026\/02\/logotip-odrezani-export.png\",\"contentUrl\":\"https:\/\/knjizuljica.hr\/wp\/wp-content\/uploads\/2026\/02\/logotip-odrezani-export.png\",\"width\":400,\"height\":180,\"caption\":\"Knji\u017euljica\"},\"image\":{\"@id\":\"https:\/\/knjizuljica.hr\/wp\/#\/schema\/logo\/image\/\"}}]}<\/script>\n<!-- \/ Yoast SEO plugin. -->","yoast_head_json":{"title":"Vrti\u0107ka Sovice 2+ - Knji\u017euljica","robots":{"index":"index","follow":"follow","max-snippet":"max-snippet:-1","max-image-preview":"max-image-preview:large","max-video-preview":"max-video-preview:-1"},"canonical":"https:\/\/knjizuljica.hr\/wp\/edukativni-proizvod\/vrticka-sovice-2\/","og_locale":"hr_HR","og_type":"article","og_title":"Vrti\u0107ka Sovice 2+ - Knji\u017euljica","og_description":"\u00a0 Uronite u \u010daroban svijet mudrih sova s na\u0161om vrti\u0107kom knji\u017euljicom posebno osmi\u0161ljenom za skupinu Sovice! Ova knji\u017euljica nudi 18 interaktivnih stranica prepunih edukativnih aktivnosti koje poti\u010du radoznalost i u\u010denje kroz igru. Aktivnosti uklju\u010duju: Uparivanje sjena sovica, razvijaju\u0107i vizualnu percepciju i prepoznavanje oblika. Brojanje sovica i prepoznavanje brojeva do 10. Prepoznavanje i slaganje razli\u010ditih oblika....","og_url":"https:\/\/knjizuljica.hr\/wp\/edukativni-proizvod\/vrticka-sovice-2\/","og_site_name":"Knji\u017euljica","twitter_card":"summary_large_image","twitter_misc":{"Procijenjeno vrijeme \u010ditanja":"1 minuta"},"schema":{"@context":"https:\/\/schema.org","@graph":[{"@type":"WebPage","@id":"https:\/\/knjizuljica.hr\/wp\/edukativni-proizvod\/vrticka-sovice-2\/","url":"https:\/\/knjizuljica.hr\/wp\/edukativni-proizvod\/vrticka-sovice-2\/","name":"Vrti\u0107ka Sovice 2+ - Knji\u017euljica","isPartOf":{"@id":"https:\/\/knjizuljica.hr\/wp\/#website"},"datePublished":"2026-02-25T21:23:05+00:00","breadcrumb":{"@id":"https:\/\/knjizuljica.hr\/wp\/edukativni-proizvod\/vrticka-sovice-2\/#breadcrumb"},"inLanguage":"hr","potentialAction":[{"@type":"ReadAction","target":["https:\/\/knjizuljica.hr\/wp\/edukativni-proizvod\/vrticka-sovice-2\/"]}]},{"@type":"BreadcrumbList","@id":"https:\/\/knjizuljica.hr\/wp\/edukativni-proizvod\/vrticka-sovice-2\/#breadcrumb","itemListElement":[{"@type":"ListItem","position":1,"name":"Home","item":"https:\/\/knjizuljica.hr\/wp\/"},{"@type":"ListItem","position":2,"name":"Svi proizvodi &#8211; Knji\u017euljica","item":"https:\/\/knjizuljica.hr\/wp\/shop\/"},{"@type":"ListItem","position":3,"name":"Vrti\u0107ka Sovice 2+"}]},{"@type":"WebSite","@id":"https:\/\/knjizuljica.hr\/wp\/#website","url":"https:\/\/knjizuljica.hr\/wp\/","name":"Knji\u017euljica","description":"","publisher":{"@id":"https:\/\/knjizuljica.hr\/wp\/#organization"},"potentialAction":[{"@type":"SearchAction","target":{"@type":"EntryPoint","urlTemplate":"https:\/\/knjizuljica.hr\/wp\/?s={search_term_string}"},"query-input":{"@type":"PropertyValueSpecification","valueRequired":true,"valueName":"search_term_string"}}],"inLanguage":"hr"},{"@type":"Organization","@id":"https:\/\/knjizuljica.hr\/wp\/#organization","name":"Knji\u017euljica","url":"https:\/\/knjizuljica.hr\/wp\/","logo":{"@type":"ImageObject","inLanguage":"hr","@id":"https:\/\/knjizuljica.hr\/wp\/#\/schema\/logo\/image\/","url":"https:\/\/knjizuljica.hr\/wp\/wp-content\/uploads\/2026\/02\/logotip-odrezani-export.png","contentUrl":"https:\/\/knjizuljica.hr\/wp\/wp-content\/uploads\/2026\/02\/logotip-odrezani-export.png","width":400,"height":180,"caption":"Knji\u017euljica"},"image":{"@id":"https:\/\/knjizuljica.hr\/wp\/#\/schema\/logo\/image\/"}}]}},"_links":{"self":[{"href":"https:\/\/knjizuljica.hr\/wp\/wp-json\/wp\/v2\/product\/1576","targetHints":{"allow":["GET"]}}],"collection":[{"href":"https:\/\/knjizuljica.hr\/wp\/wp-json\/wp\/v2\/product"}],"about":[{"href":"https:\/\/knjizuljica.hr\/wp\/wp-json\/wp\/v2\/types\/product"}],"wp:attachment":[{"href":"https:\/\/knjizuljica.hr\/wp\/wp-json\/wp\/v2\/media?parent=1576"}],"wp:term":[{"taxonomy":"product_brand","embeddable":true,"href":"https:\/\/knjizuljica.hr\/wp\/wp-json\/wp\/v2\/product_brand?post=1576"},{"taxonomy":"product_cat","embeddable":true,"href":"https:\/\/knjizuljica.hr\/wp\/wp-json\/wp\/v2\/product_cat?post=1576"},{"taxonomy":"product_tag","embeddable":true,"href":"https:\/\/knjizuljica.hr\/wp\/wp-json\/wp\/v2\/product_tag?post=1576"}],"curies":[{"name":"wp","href":"https:\/\/api.w.org\/{rel}","templated":true}]}}