{"id":1377,"date":"2026-02-04T08:39:45","date_gmt":"2026-02-04T07:39:45","guid":{"rendered":"https:\/\/knjizuljica.hr\/wp\/?post_type=product&#038;p=1377"},"modified":"2026-04-08T14:29:33","modified_gmt":"2026-04-08T13:29:33","slug":"jesenska-knjizuljica","status":"publish","type":"product","link":"https:\/\/knjizuljica.hr\/wp\/edukativni-proizvod\/jesenska-knjizuljica\/","title":{"rendered":"Jesenska knji\u017euljica"},"content":{"rendered":"<p>Knji\u017euljica Bubamare je interaktivna mapa koja malim istra\u017eiva\u010dima donosi svijet bubamara na dlanu. Na 15 uzbudljivih stranica, djeca \u0107e istra\u017eivati aktivnosti povezane s ovim dra\u017eesnim insektima, dok razvijaju va\u017ene vje\u0161tine kroz igru i u\u010denje. S vi\u0161e od 80 sli\u010dica na \u010di\u010dak, ova knji\u017euljica pru\u017ea neograni\u010dene mogu\u0107nosti za zabavu i interaktivno u\u010denje.<\/p>\n<p>Poticanje vizualne percepcije, imenovanje razli\u010ditih oblika, zadaci koji djecu u\u010de o bojama kroz slike i ilustracije bubamara, brojanje bubamara i povezivanje s odgovaraju\u0107im brojevima &#8211; \u0161to poma\u017ee u razvoju matemati\u010dkih vje\u0161tina, uspore\u0111ivanje veli\u010dina bubamara, od najmanjih do najve\u0107ih, kroz aktivnosti koje poti\u010du razumijevanje pojmova veli\u010dine, i sli\u010dno.<\/p>\n<p>Knji\u017euljica Bubamare je idealan alat za rano u\u010denje, poticanje kreativnosti i razvoja raznih vje\u0161tina kod djece. Pru\u017eite svom djetetu priliku da kroz igru upozna svijet bubamara i u\u017eiva u svakom trenutku u\u010denja!<\/p>\n<p>Naru\u010dite Knji\u017euljicu Bubamare i obradujte svog mali\u0161ana ovim zabavnim i edukativnim poklonom!<\/p>\n","protected":false},"excerpt":{"rendered":"<p>Vitae purus faucibus ornare suspendisse sed. Sapien et ligula ullamcorper malesuada proin libero nunc consequat.<\/p>\n","protected":false},"featured_media":1461,"template":"","meta":{"_kad_post_transparent":"default","_kad_post_title":"","_kad_post_layout":"default","_kad_post_sidebar_id":"","_kad_post_content_style":"default","_kad_post_vertical_padding":"default","_kad_post_feature":"","_kad_post_feature_position":"","_kad_post_header":false,"_kad_post_footer":false,"_kad_post_classname":""},"product_brand":[],"product_cat":[156,35],"product_tag":[],"class_list":{"0":"post-1377","1":"product","2":"type-product","3":"status-publish","4":"has-post-thumbnail","6":"product_cat-godisnja-doba","7":"product_cat-vrticke-knjizuljice","9":"first","10":"instock","11":"shipping-taxable","12":"purchasable","13":"product-type-simple","14":"entry","15":"content-bg","16":"loop-entry"},"yoast_head":"<!-- This site is optimized with the Yoast SEO plugin v27.0 - https:\/\/yoast.com\/product\/yoast-seo-wordpress\/ -->\n<title>Jesenska knji\u017euljica - Knji\u017euljica<\/title>\n<meta name=\"robots\" content=\"index, follow, max-snippet:-1, max-image-preview:large, max-video-preview:-1\" \/>\n<link rel=\"canonical\" href=\"https:\/\/knjizuljica.hr\/wp\/edukativni-proizvod\/jesenska-knjizuljica\/\" \/>\n<meta property=\"og:locale\" content=\"hr_HR\" \/>\n<meta property=\"og:type\" content=\"article\" \/>\n<meta property=\"og:title\" content=\"Jesenska knji\u017euljica - Knji\u017euljica\" \/>\n<meta property=\"og:description\" content=\"Vitae purus faucibus ornare suspendisse sed. Sapien et ligula ullamcorper malesuada proin libero nunc consequat.\" \/>\n<meta property=\"og:url\" content=\"https:\/\/knjizuljica.hr\/wp\/edukativni-proizvod\/jesenska-knjizuljica\/\" \/>\n<meta property=\"og:site_name\" content=\"Knji\u017euljica\" \/>\n<meta property=\"article:modified_time\" content=\"2026-04-08T13:29:33+00:00\" \/>\n<meta property=\"og:image\" content=\"https:\/\/knjizuljica.hr\/wp\/wp-content\/uploads\/2022\/03\/Knjizuljica_Najpopularniji-proizvodi_300x300.jpg\" \/>\n\t<meta property=\"og:image:width\" content=\"300\" \/>\n\t<meta property=\"og:image:height\" content=\"300\" \/>\n\t<meta property=\"og:image:type\" content=\"image\/jpeg\" \/>\n<meta name=\"twitter:card\" content=\"summary_large_image\" \/>\n<meta name=\"twitter:label1\" content=\"Procijenjeno vrijeme \u010ditanja\" \/>\n\t<meta name=\"twitter:data1\" content=\"1 minuta\" \/>\n<script type=\"application\/ld+json\" class=\"yoast-schema-graph\">{\"@context\":\"https:\/\/schema.org\",\"@graph\":[{\"@type\":\"WebPage\",\"@id\":\"https:\/\/knjizuljica.hr\/wp\/edukativni-proizvod\/jesenska-knjizuljica\/\",\"url\":\"https:\/\/knjizuljica.hr\/wp\/edukativni-proizvod\/jesenska-knjizuljica\/\",\"name\":\"Jesenska knji\u017euljica - Knji\u017euljica\",\"isPartOf\":{\"@id\":\"https:\/\/knjizuljica.hr\/wp\/#website\"},\"primaryImageOfPage\":{\"@id\":\"https:\/\/knjizuljica.hr\/wp\/edukativni-proizvod\/jesenska-knjizuljica\/#primaryimage\"},\"image\":{\"@id\":\"https:\/\/knjizuljica.hr\/wp\/edukativni-proizvod\/jesenska-knjizuljica\/#primaryimage\"},\"thumbnailUrl\":\"https:\/\/knjizuljica.hr\/wp\/wp-content\/uploads\/2022\/03\/Knjizuljica_Najpopularniji-proizvodi_300x300.jpg\",\"datePublished\":\"2026-02-04T07:39:45+00:00\",\"dateModified\":\"2026-04-08T13:29:33+00:00\",\"breadcrumb\":{\"@id\":\"https:\/\/knjizuljica.hr\/wp\/edukativni-proizvod\/jesenska-knjizuljica\/#breadcrumb\"},\"inLanguage\":\"hr\",\"potentialAction\":[{\"@type\":\"ReadAction\",\"target\":[\"https:\/\/knjizuljica.hr\/wp\/edukativni-proizvod\/jesenska-knjizuljica\/\"]}]},{\"@type\":\"ImageObject\",\"inLanguage\":\"hr\",\"@id\":\"https:\/\/knjizuljica.hr\/wp\/edukativni-proizvod\/jesenska-knjizuljica\/#primaryimage\",\"url\":\"https:\/\/knjizuljica.hr\/wp\/wp-content\/uploads\/2022\/03\/Knjizuljica_Najpopularniji-proizvodi_300x300.jpg\",\"contentUrl\":\"https:\/\/knjizuljica.hr\/wp\/wp-content\/uploads\/2022\/03\/Knjizuljica_Najpopularniji-proizvodi_300x300.jpg\",\"width\":300,\"height\":300},{\"@type\":\"BreadcrumbList\",\"@id\":\"https:\/\/knjizuljica.hr\/wp\/edukativni-proizvod\/jesenska-knjizuljica\/#breadcrumb\",\"itemListElement\":[{\"@type\":\"ListItem\",\"position\":1,\"name\":\"Home\",\"item\":\"https:\/\/knjizuljica.hr\/wp\/\"},{\"@type\":\"ListItem\",\"position\":2,\"name\":\"Svi proizvodi &#8211; Knji\u017euljica\",\"item\":\"https:\/\/knjizuljica.hr\/wp\/shop\/\"},{\"@type\":\"ListItem\",\"position\":3,\"name\":\"Jesenska knji\u017euljica\"}]},{\"@type\":\"WebSite\",\"@id\":\"https:\/\/knjizuljica.hr\/wp\/#website\",\"url\":\"https:\/\/knjizuljica.hr\/wp\/\",\"name\":\"Knji\u017euljica\",\"description\":\"\",\"publisher\":{\"@id\":\"https:\/\/knjizuljica.hr\/wp\/#organization\"},\"potentialAction\":[{\"@type\":\"SearchAction\",\"target\":{\"@type\":\"EntryPoint\",\"urlTemplate\":\"https:\/\/knjizuljica.hr\/wp\/?s={search_term_string}\"},\"query-input\":{\"@type\":\"PropertyValueSpecification\",\"valueRequired\":true,\"valueName\":\"search_term_string\"}}],\"inLanguage\":\"hr\"},{\"@type\":\"Organization\",\"@id\":\"https:\/\/knjizuljica.hr\/wp\/#organization\",\"name\":\"Knji\u017euljica\",\"url\":\"https:\/\/knjizuljica.hr\/wp\/\",\"logo\":{\"@type\":\"ImageObject\",\"inLanguage\":\"hr\",\"@id\":\"https:\/\/knjizuljica.hr\/wp\/#\/schema\/logo\/image\/\",\"url\":\"https:\/\/knjizuljica.hr\/wp\/wp-content\/uploads\/2026\/02\/logotip-odrezani-export.png\",\"contentUrl\":\"https:\/\/knjizuljica.hr\/wp\/wp-content\/uploads\/2026\/02\/logotip-odrezani-export.png\",\"width\":400,\"height\":180,\"caption\":\"Knji\u017euljica\"},\"image\":{\"@id\":\"https:\/\/knjizuljica.hr\/wp\/#\/schema\/logo\/image\/\"}}]}<\/script>\n<!-- \/ Yoast SEO plugin. -->","yoast_head_json":{"title":"Jesenska knji\u017euljica - Knji\u017euljica","robots":{"index":"index","follow":"follow","max-snippet":"max-snippet:-1","max-image-preview":"max-image-preview:large","max-video-preview":"max-video-preview:-1"},"canonical":"https:\/\/knjizuljica.hr\/wp\/edukativni-proizvod\/jesenska-knjizuljica\/","og_locale":"hr_HR","og_type":"article","og_title":"Jesenska knji\u017euljica - Knji\u017euljica","og_description":"Vitae purus faucibus ornare suspendisse sed. Sapien et ligula ullamcorper malesuada proin libero nunc consequat.","og_url":"https:\/\/knjizuljica.hr\/wp\/edukativni-proizvod\/jesenska-knjizuljica\/","og_site_name":"Knji\u017euljica","article_modified_time":"2026-04-08T13:29:33+00:00","og_image":[{"width":300,"height":300,"url":"https:\/\/knjizuljica.hr\/wp\/wp-content\/uploads\/2022\/03\/Knjizuljica_Najpopularniji-proizvodi_300x300.jpg","type":"image\/jpeg"}],"twitter_card":"summary_large_image","twitter_misc":{"Procijenjeno vrijeme \u010ditanja":"1 minuta"},"schema":{"@context":"https:\/\/schema.org","@graph":[{"@type":"WebPage","@id":"https:\/\/knjizuljica.hr\/wp\/edukativni-proizvod\/jesenska-knjizuljica\/","url":"https:\/\/knjizuljica.hr\/wp\/edukativni-proizvod\/jesenska-knjizuljica\/","name":"Jesenska knji\u017euljica - Knji\u017euljica","isPartOf":{"@id":"https:\/\/knjizuljica.hr\/wp\/#website"},"primaryImageOfPage":{"@id":"https:\/\/knjizuljica.hr\/wp\/edukativni-proizvod\/jesenska-knjizuljica\/#primaryimage"},"image":{"@id":"https:\/\/knjizuljica.hr\/wp\/edukativni-proizvod\/jesenska-knjizuljica\/#primaryimage"},"thumbnailUrl":"https:\/\/knjizuljica.hr\/wp\/wp-content\/uploads\/2022\/03\/Knjizuljica_Najpopularniji-proizvodi_300x300.jpg","datePublished":"2026-02-04T07:39:45+00:00","dateModified":"2026-04-08T13:29:33+00:00","breadcrumb":{"@id":"https:\/\/knjizuljica.hr\/wp\/edukativni-proizvod\/jesenska-knjizuljica\/#breadcrumb"},"inLanguage":"hr","potentialAction":[{"@type":"ReadAction","target":["https:\/\/knjizuljica.hr\/wp\/edukativni-proizvod\/jesenska-knjizuljica\/"]}]},{"@type":"ImageObject","inLanguage":"hr","@id":"https:\/\/knjizuljica.hr\/wp\/edukativni-proizvod\/jesenska-knjizuljica\/#primaryimage","url":"https:\/\/knjizuljica.hr\/wp\/wp-content\/uploads\/2022\/03\/Knjizuljica_Najpopularniji-proizvodi_300x300.jpg","contentUrl":"https:\/\/knjizuljica.hr\/wp\/wp-content\/uploads\/2022\/03\/Knjizuljica_Najpopularniji-proizvodi_300x300.jpg","width":300,"height":300},{"@type":"BreadcrumbList","@id":"https:\/\/knjizuljica.hr\/wp\/edukativni-proizvod\/jesenska-knjizuljica\/#breadcrumb","itemListElement":[{"@type":"ListItem","position":1,"name":"Home","item":"https:\/\/knjizuljica.hr\/wp\/"},{"@type":"ListItem","position":2,"name":"Svi proizvodi &#8211; Knji\u017euljica","item":"https:\/\/knjizuljica.hr\/wp\/shop\/"},{"@type":"ListItem","position":3,"name":"Jesenska knji\u017euljica"}]},{"@type":"WebSite","@id":"https:\/\/knjizuljica.hr\/wp\/#website","url":"https:\/\/knjizuljica.hr\/wp\/","name":"Knji\u017euljica","description":"","publisher":{"@id":"https:\/\/knjizuljica.hr\/wp\/#organization"},"potentialAction":[{"@type":"SearchAction","target":{"@type":"EntryPoint","urlTemplate":"https:\/\/knjizuljica.hr\/wp\/?s={search_term_string}"},"query-input":{"@type":"PropertyValueSpecification","valueRequired":true,"valueName":"search_term_string"}}],"inLanguage":"hr"},{"@type":"Organization","@id":"https:\/\/knjizuljica.hr\/wp\/#organization","name":"Knji\u017euljica","url":"https:\/\/knjizuljica.hr\/wp\/","logo":{"@type":"ImageObject","inLanguage":"hr","@id":"https:\/\/knjizuljica.hr\/wp\/#\/schema\/logo\/image\/","url":"https:\/\/knjizuljica.hr\/wp\/wp-content\/uploads\/2026\/02\/logotip-odrezani-export.png","contentUrl":"https:\/\/knjizuljica.hr\/wp\/wp-content\/uploads\/2026\/02\/logotip-odrezani-export.png","width":400,"height":180,"caption":"Knji\u017euljica"},"image":{"@id":"https:\/\/knjizuljica.hr\/wp\/#\/schema\/logo\/image\/"}}]}},"_links":{"self":[{"href":"https:\/\/knjizuljica.hr\/wp\/wp-json\/wp\/v2\/product\/1377","targetHints":{"allow":["GET"]}}],"collection":[{"href":"https:\/\/knjizuljica.hr\/wp\/wp-json\/wp\/v2\/product"}],"about":[{"href":"https:\/\/knjizuljica.hr\/wp\/wp-json\/wp\/v2\/types\/product"}],"wp:featuredmedia":[{"embeddable":true,"href":"https:\/\/knjizuljica.hr\/wp\/wp-json\/wp\/v2\/media\/1461"}],"wp:attachment":[{"href":"https:\/\/knjizuljica.hr\/wp\/wp-json\/wp\/v2\/media?parent=1377"}],"wp:term":[{"taxonomy":"product_brand","embeddable":true,"href":"https:\/\/knjizuljica.hr\/wp\/wp-json\/wp\/v2\/product_brand?post=1377"},{"taxonomy":"product_cat","embeddable":true,"href":"https:\/\/knjizuljica.hr\/wp\/wp-json\/wp\/v2\/product_cat?post=1377"},{"taxonomy":"product_tag","embeddable":true,"href":"https:\/\/knjizuljica.hr\/wp\/wp-json\/wp\/v2\/product_tag?post=1377"}],"curies":[{"name":"wp","href":"https:\/\/api.w.org\/{rel}","templated":true}]}}